{"id":1421,"date":"2013-02-14T10:52:07","date_gmt":"2013-02-14T09:52:07","guid":{"rendered":"http:\/\/www.hundeschule-winsen.de\/wp\/?page_id=1421"},"modified":"2026-02-25T09:44:42","modified_gmt":"2026-02-25T08:44:42","slug":"home","status":"publish","type":"page","link":"https:\/\/www.hundeschule-winsen.de\/wp\/","title":{"rendered":"Hundeschule Winsen"},"content":{"rendered":"<p>Herzlichen Willkommen bei der Hundeschule der Ortsgruppe Winsen. Hier finden Sie alle wichtigen Themen rund um das Thema Hund. Bei uns k\u00f6nnen Sie Ihren Vierbeiner von klein auf erziehen, verschiedene Gruppen stehen hierf\u00fcr zur Verf\u00fcgung. Wenn der Hund nicht ausgelastet ist, bieten wir hin und wieder Workshops an, Trainings f\u00fcr unsere Leistungspr\u00fcfungen sowie den Hundesport Agility.<br \/>\nUm sich ein genaues Bild dar\u00fcber zu machen, klicken Sie sich durch unsere Seite. Bei Interesse steht auf den einzelnen Seiten immer ein direkter Ansprechpartner, Schnupperstunden stehen zur Verf\u00fcgung.<\/p>\n<p>\u00dcber unsere Anmeldung k\u00f6nnt Ihr Euch f\u00fcr den Samstagsunterricht immer <a href=\"https:\/\/www.hundeschule-winsen.de\/wp\/?page_id=9100\">hier<\/a> eintragen.<\/p>\n<h6 style=\"text-align: center;\">Und nun w\u00fcnschen wir\u00a0 euch viel Spa\u00df!<\/h6>\n<p>&nbsp;<\/p>\n<p style=\"text-align: center;\"><a title=\"Verein\" href=\"https:\/\/www.hundeschule-winsen.de\/wp\/?page_id=9672\">Hier findet ihr uns!<\/a><\/p>\n<p>&nbsp;<\/p>\n","protected":false},"excerpt":{"rendered":"<p>Herzlichen Willkommen bei der Hundeschule der Ortsgruppe Winsen. Hier finden Sie alle wichtigen Themen rund um das Thema Hund. Bei uns k\u00f6nnen Sie Ihren Vierbeiner von klein auf erziehen, verschiedene Gruppen stehen hierf\u00fcr zur Verf\u00fcgung. Wenn der Hund nicht ausgelastet ist, bieten wir hin und wieder Workshops an, Trainings f\u00fcr unsere Leistungspr\u00fcfungen sowie den Hundesport [&hellip;]<\/p>\n","protected":false},"author":1,"featured_media":0,"parent":0,"menu_order":0,"comment_status":"closed","ping_status":"open","template":"","meta":{"inline_featured_image":false,"footnotes":""},"class_list":["post-1421","page","type-page","status-publish","hentry"],"_links":{"self":[{"href":"https:\/\/www.hundeschule-winsen.de\/wp\/wp-json\/wp\/v2\/pages\/1421","targetHints":{"allow":["GET"]}}],"collection":[{"href":"https:\/\/www.hundeschule-winsen.de\/wp\/wp-json\/wp\/v2\/pages"}],"about":[{"href":"https:\/\/www.hundeschule-winsen.de\/wp\/wp-json\/wp\/v2\/types\/page"}],"author":[{"embeddable":true,"href":"https:\/\/www.hundeschule-winsen.de\/wp\/wp-json\/wp\/v2\/users\/1"}],"replies":[{"embeddable":true,"href":"https:\/\/www.hundeschule-winsen.de\/wp\/wp-json\/wp\/v2\/comments?post=1421"}],"version-history":[{"count":68,"href":"https:\/\/www.hundeschule-winsen.de\/wp\/wp-json\/wp\/v2\/pages\/1421\/revisions"}],"predecessor-version":[{"id":9850,"href":"https:\/\/www.hundeschule-winsen.de\/wp\/wp-json\/wp\/v2\/pages\/1421\/revisions\/9850"}],"wp:attachment":[{"href":"https:\/\/www.hundeschule-winsen.de\/wp\/wp-json\/wp\/v2\/media?parent=1421"}],"curies":[{"name":"wp","href":"https:\/\/api.w.org\/{rel}","templated":true}]}}